{"id":99673,"date":"2023-10-27T13:37:09","date_gmt":"2023-10-27T11:37:09","guid":{"rendered":"https:\/\/lkw-teile-truckmotive.de\/index.php\/produkt\/schloss-tuerschloss-aussen-links-passend-fuer-daf-xf95-xf105-cf75-cf85-95xf-75cf-85cf-f65-f75-f85-f95"},"modified":"2025-05-11T18:48:59","modified_gmt":"2025-05-11T16:48:59","slug":"schloss-tuerschloss-aussen-links-passend-fuer-daf-xf95-xf105-cf75-cf85-95xf-75cf-85cf-f65-f75-f85-f95","status":"publish","type":"product","link":"https:\/\/lkw-teile-truckmotive.de\/index.php\/produkt\/schloss-tuerschloss-aussen-links-passend-fuer-daf-xf95-xf105-cf75-cf85-95xf-75cf-85cf-f65-f75-f85-f95","title":{"rendered":"Schloss, T\u00fcrschloss au\u00dfen links passend f\u00fcr DAF XF95, XF105, CF75, CF85, 95XF, 75CF, 85CF F65, F75, F85, F95"},"content":{"rendered":"<div style=\"font-size:15px\">\n<h4>Schloss, T\u00fcrschloss au\u00dfen links passend f\u00fcr DAF XF95, XF105, CF75, CF85, 95XF, 75CF, 85CF F65, F75, F85, F95<\/h4>\n<div class=\"table_info\">\n<p>T\u00fcrschloss<br \/>\nQualitativ hochwertiger Nachbauartikel<\/p>\n<table>\n<tr>\n<td>Einbauort<\/td>\n<td>Au\u00dfen links<\/td>\n<\/tr>\n<tr>\n<td>Ma\u00dfe<\/td>\n<td>80x52x21mm (LxBxT)<\/td>\n<\/tr>\n<tr>\n<td>Lochkreis-\u00d8<\/td>\n<td>9mm<\/td>\n<\/tr>\n<\/table>\n<\/p><\/div>\n<p>                <span style=\"font-size:1px;color:white\">LKW, NFZ, Nutzfahrzeug, Reparatur, Wartung, Ersatz, Teil, Austausch, Ersatzteil, Schloss, T\u00fcr, T\u00fcrschloss, Verriegelung, Zentral, Zentralverriegelung, verriegeln, DAF<\/span><\/p>\n<h4>OE &amp; OEM Referenznummern:<\/h4>\n<p><a href=\"https:\/\/lkw-teile-truckmotive.de\/products\/0159149\">0159149<\/a>, <a href=\"https:\/\/lkw-teile-truckmotive.de\/products\/5.60108\">5.60108<\/a>, <a href=\"https:\/\/lkw-teile-truckmotive.de\/products\/18500205\">18500205<\/a><\/p>\n<p><span style=\"font-size:12px\"><b>Hinweis: <\/b><br \/>Alle aufgef\u00fchrten Marken, Referenzen sowie Vergleichsnummern dienen lediglich dem Vergleichszweck.<br \/>\nDie angebotenen Artikel sind, sofern nicht anders angegeben, Nachbauteile in Erstausr\u00fcsterqualit\u00e4t.<\/span><\/p>\n<details>\n<summary style=\"cursor: pointer;color: #06c;font-size: 15px\">Herstellerinformation<\/summary>\n<div class=\"manufacturer-info\" style=\"padding: 10px;border: 1px solid #888;margin-top: 10px;background-color: #f9f9f9\">\n<p><b>Truckmotive GmbH<\/b><br \/>Welschenkamp 18<br \/>DE-47138 Duisburg &#8211; DE<br \/>Tel.: <br \/>Mail: hallo@truckmotive.de<\/p>\n<\/p><\/div>\n<\/details><\/div>\n","protected":false},"excerpt":{"rendered":"<div style=\"font-size:15px\">\n<p style=\"font-size:17px;color:black\"><b>Lieferumfang:<\/b><\/p>\n<p style=\"padding-top:6px\">1x T\u00fcrschloss au\u00dfen links <\/p>\n<p><\/br><\/p>\n<p style=\"font-size:17px;color:black\"><b>Passend f\u00fcr<\/b><\/p>\n<ul style=\"padding-top:6px\">\n<li>DAF XF95, XF105, CF65, CF75, CF85, 95XF, 65CF, 75CF, 85CF F65, F75, F85, F95<\/li>\n<\/ul>\n<p><span style=\"font-size:12px\">Das Ersatzteil passt unter anderem f\u00fcr die oben genannten Modelle. Bitte pr\u00fcfen Sie die Ersatzteil-Nummer, um eine Fehlbestellung zu vermeiden. Nicht sicher, ob das Teil passt? Kontaktieren Sie uns!<\/span><\/p>\n<\/div>\n","protected":false},"featured_media":152560,"comment_status":"open","ping_status":"closed","template":"","meta":[],"_links":{"self":[{"href":"https:\/\/lkw-teile-truckmotive.de\/index.php\/wp-json\/wp\/v2\/product\/99673"}],"collection":[{"href":"https:\/\/lkw-teile-truckmotive.de\/index.php\/wp-json\/wp\/v2\/product"}],"about":[{"href":"https:\/\/lkw-teile-truckmotive.de\/index.php\/wp-json\/wp\/v2\/types\/product"}],"replies":[{"embeddable":true,"href":"https:\/\/lkw-teile-truckmotive.de\/index.php\/wp-json\/wp\/v2\/comments?post=99673"}],"wp:featuredmedia":[{"embeddable":true,"href":"https:\/\/lkw-teile-truckmotive.de\/index.php\/wp-json\/wp\/v2\/media\/152560"}],"wp:attachment":[{"href":"https:\/\/lkw-teile-truckmotive.de\/index.php\/wp-json\/wp\/v2\/media?parent=99673"}],"curies":[{"name":"wp","href":"https:\/\/api.w.org\/{rel}","templated":true}]}}