{"id":99707,"date":"2023-10-27T14:26:04","date_gmt":"2023-10-27T12:26:04","guid":{"rendered":"https:\/\/lkw-teile-truckmotive.de\/index.php\/produkt\/ventil-kombiloeseventil-ae4311-k020123-push-in-knorr-passend-fuer-schmitz-1042717"},"modified":"2026-02-26T10:03:04","modified_gmt":"2026-02-26T09:03:04","slug":"ventil-kombiloeseventil-ae4311-k020123-push-in-knorr-passend-fuer-schmitz-1042717","status":"publish","type":"product","link":"https:\/\/lkw-teile-truckmotive.de\/index.php\/produkt\/ventil-kombiloeseventil-ae4311-k020123-push-in-knorr-passend-fuer-schmitz-1042717","title":{"rendered":"Ventil Kombil\u00f6seventil AE4311\/ K020123 Push-in Knorr passend f\u00fcr Schmitz 1042717"},"content":{"rendered":"<div style=\"font-size:15px\">\n<h4>Ventil Kombil\u00f6seventil AE4311\/ K020123 Push-in Knorr passend f\u00fcr Schmitz 1042717<\/h4>\n<div class=\"table_info\">\n<p>Original Knorr Kombil\u00f6seventil &#8211; Schnell\u00f6seventil<\/p>\n<table>\n<tr>\n<td>max. Betriebsdruck<\/td>\n<td>10 bar<\/td>\n<\/tr>\n<tr>\n<td>Anwendungsbereich C\u00b0<\/td>\n<td>-40C\u00b0 bis +80C\u00b0<\/td>\n<\/tr>\n<tr>\n<td>\u00d6ffnungsdruck<\/td>\n<td>6 bar<\/td>\n<\/tr>\n<tr>\n<td>Schliessdruck<\/td>\n<td>5,2 bar<\/td>\n<\/tr>\n<tr>\n<td>Anschl\u00fcsse<\/td>\n<td>4x M16x1,5<\/td>\n<\/tr>\n<tr>\n<td>Anschluss<\/td>\n<td>1x M22x1.5<\/td>\n<\/tr>\n<tr>\n<td>Entl\u00fcftung<\/td>\n<td>vorhanden<\/td>\n<\/tr>\n<\/table>\n<\/p><\/div>\n<p>                <span style=\"font-size:1px;color:white\">LKW, NFZ, Ersatz, Teil, Ersatzteil, Austausch, Reparatur, Wartung, \u00dcberholung, Rangierventil, Parkventil, Notbremsfunktion, Luftsystem, Kombizylindern, automatisch, Schnell\u00f6seventil, Mehrwegeventil, Doppell\u00f6seventil, Bremse, Schmitz, Knorr<\/span><\/p>\n<h4>OE &amp; OEM Referenznummern:<\/h4>\n<p><a href=\"https:\/\/lkw-teile-truckmotive.de\/products\/1042717\">1042717<\/a>, <a href=\"https:\/\/lkw-teile-truckmotive.de\/products\/AE4311\">AE4311<\/a>, <a href=\"https:\/\/lkw-teile-truckmotive.de\/products\/K020123N00\">K020123N00<\/a><\/p>\n<p><span style=\"font-size:12px\"><b>Hinweis: <\/b><br \/>Alle aufgef\u00fchrten Marken, Referenzen sowie Vergleichsnummern dienen lediglich dem Vergleichszweck.<br \/>\nDie angebotenen Artikel sind, sofern nicht anders angegeben, Nachbauteile in Erstausr\u00fcsterqualit\u00e4t.<\/span><\/p>\n<details>\n<summary style=\"cursor: pointer;color: #06c;font-size: 15px\">Herstellerinformation<\/summary>\n<div class=\"manufacturer-info\" style=\"padding: 10px;border: 1px solid #888;margin-top: 10px;background-color: #f9f9f9\">\n<p><b>Knorr-Bremse AG<\/b><br \/>Moosacher Str. 80<br \/>DE-80809 M\u00fcnchen &#8211; DE<br \/>Tel.: +49 89 3547-0<br \/>Mail: info@knorr-bremse.com<\/p>\n<\/p><\/div>\n<\/details><\/div>\n","protected":false},"excerpt":{"rendered":"<div style=\"font-size:15px\">\n<p style=\"font-size:17px;color:black\"><b>Lieferumfang:<\/b><\/p>\n<p style=\"padding-top:6px\">1x Kombil\u00f6seventil<\/p>\n<p><\/br><\/p>\n<p style=\"font-size:17px;color:black\"><b>Passend f\u00fcr<\/b><\/p>\n<ul style=\"padding-top:6px\">\n<li>Schmitz &#8211; Cargobull<\/li>\n<\/ul>\n<p><span style=\"font-size:12px\">Das Ersatzteil passt unter anderem f\u00fcr die oben genannten Modelle. Bitte pr\u00fcfen Sie die Ersatzteil-Nummer, um eine Fehlbestellung zu vermeiden. Nicht sicher, ob das Teil passt? Kontaktieren Sie uns!<\/span><\/p>\n<\/div>\n","protected":false},"featured_media":175884,"comment_status":"open","ping_status":"closed","template":"","meta":[],"_links":{"self":[{"href":"https:\/\/lkw-teile-truckmotive.de\/index.php\/wp-json\/wp\/v2\/product\/99707"}],"collection":[{"href":"https:\/\/lkw-teile-truckmotive.de\/index.php\/wp-json\/wp\/v2\/product"}],"about":[{"href":"https:\/\/lkw-teile-truckmotive.de\/index.php\/wp-json\/wp\/v2\/types\/product"}],"replies":[{"embeddable":true,"href":"https:\/\/lkw-teile-truckmotive.de\/index.php\/wp-json\/wp\/v2\/comments?post=99707"}],"wp:featuredmedia":[{"embeddable":true,"href":"https:\/\/lkw-teile-truckmotive.de\/index.php\/wp-json\/wp\/v2\/media\/175884"}],"wp:attachment":[{"href":"https:\/\/lkw-teile-truckmotive.de\/index.php\/wp-json\/wp\/v2\/media?parent=99707"}],"curies":[{"name":"wp","href":"https:\/\/api.w.org\/{rel}","templated":true}]}}