{"id":99715,"date":"2023-10-27T14:28:10","date_gmt":"2023-10-27T12:28:10","guid":{"rendered":"https:\/\/lkw-teile-truckmotive.de\/index.php\/produkt\/steckdose-zigarettenanzuender-24v-ohne-beleuchtung-universal-einsetzbar"},"modified":"2026-04-10T17:31:09","modified_gmt":"2026-04-10T15:31:09","slug":"steckdose-zigarettenanzuender-24v-ohne-beleuchtung-universal-einsetzbar","status":"publish","type":"product","link":"https:\/\/lkw-teile-truckmotive.de\/index.php\/produkt\/steckdose-zigarettenanzuender-24v-ohne-beleuchtung-universal-einsetzbar","title":{"rendered":"Steckdose Zigarettenanz\u00fcnder 24V ohne Beleuchtung universal einsetzbar"},"content":{"rendered":"<div style=\"font-size:15px\">\n<h4>Steckdose Zigarettenanz\u00fcnder 24V ohne Beleuchtung universal einsetzbar<\/h4>\n<div class=\"table_info\">\n<p>Original Hella Steckdose\/Zigarettenanz\u00fcnder<\/p>\n<table>\n<tr>\n<td>Montageart<\/td>\n<td>Einbau<\/td>\n<\/tr>\n<tr>\n<td>Belastbarkeit bei 24V<\/td>\n<td>15A<\/td>\n<\/tr>\n<tr>\n<td>Steckerausf\u00fchrung<\/td>\n<td>Flachstecker<\/td>\n<\/tr>\n<tr>\n<td>Farbe<\/td>\n<td>gr\u00fcn<\/td>\n<\/tr>\n<tr>\n<td>Spannung<\/td>\n<td>24V<\/td>\n<\/tr>\n<tr>\n<td>Beleuchtet<\/td>\n<td>Nein<\/td>\n<\/tr>\n<\/table>\n<\/p><\/div>\n<p>                <span style=\"font-size:1px;color:white\">LKW, NFZ, Nutzfahrzeug, Reparatur, Wartung, Ersatz, Teil, Austausch, Ersatzteil, Dose, Stecker, Steckdose, Anz\u00fcnder, Zigarettenanz\u00fcnder, aufladen, Ladebuchse, 24V, 15A, gr\u00fcn, flach, universal, universell, Hella<\/span><\/p>\n<h4>OE &amp; OEM Referenznummern:<\/h4>\n<p><a href=\"https:\/\/lkw-teile-truckmotive.de\/products\/8JB008023001\">8JB008023001<\/a>, <a href=\"https:\/\/lkw-teile-truckmotive.de\/products\/8JB008023-001\">8JB008023-001<\/a>, <a href=\"https:\/\/lkw-teile-truckmotive.de\/products\/8JB+008+023-001\">8JB 008 023-001<\/a>, <a href=\"https:\/\/lkw-teile-truckmotive.de\/products\/99707008987\">99707008987<\/a>, <a href=\"https:\/\/lkw-teile-truckmotive.de\/products\/222380\">222380<\/a>, <a href=\"https:\/\/lkw-teile-truckmotive.de\/products\/56394255\">56394255<\/a>, <a href=\"https:\/\/lkw-teile-truckmotive.de\/products\/56394355\">56394355<\/a>, <a href=\"https:\/\/lkw-teile-truckmotive.de\/products\/51039549\">51039549<\/a>, <a href=\"https:\/\/lkw-teile-truckmotive.de\/products\/51076136\">51076136<\/a>, <a href=\"https:\/\/lkw-teile-truckmotive.de\/products\/10016894\">10016894<\/a>, <a href=\"https:\/\/lkw-teile-truckmotive.de\/products\/11082117\">11082117<\/a>, <a href=\"https:\/\/lkw-teile-truckmotive.de\/products\/0029512502\">0029512502<\/a>, <a href=\"https:\/\/lkw-teile-truckmotive.de\/products\/84941\">84941<\/a>, <a href=\"https:\/\/lkw-teile-truckmotive.de\/products\/51076136\">51076136<\/a><\/p>\n<p><span style=\"font-size:12px\"><b>Hinweis: <\/b><br \/>Alle aufgef\u00fchrten Marken, Referenzen sowie Vergleichsnummern dienen lediglich dem Vergleichszweck.<br \/>\nDie angebotenen Artikel sind, sofern nicht anders angegeben, Nachbauteile in Erstausr\u00fcsterqualit\u00e4t.<\/span><\/p>\n<details>\n<summary style=\"cursor: pointer;color: #06c;font-size: 15px\">Herstellerinformation<\/summary>\n<div class=\"manufacturer-info\" style=\"padding: 10px;border: 1px solid #888;margin-top: 10px;background-color: #f9f9f9\">\n<p><b>HELLA GmbH &amp; Co. KGaA<\/b><br \/>Rixbecker Str. 75<br \/>DE-59552 Lippstadt &#8211; DE<br \/>Tel.: +49 (0) 2941\/38-0<br \/>Mail: info@forvia.com<\/p>\n<\/p><\/div>\n<\/details><\/div>\n","protected":false},"excerpt":{"rendered":"<div style=\"font-size:15px\">\n<p style=\"font-size:17px;color:black\"><b>Lieferumfang:<\/b><\/p>\n<p style=\"padding-top:6px\">1x Steckdose<\/p>\n<p><\/br><\/p>\n<p style=\"font-size:17px;color:black\"><b>Passend f\u00fcr<\/b><\/p>\n<ul style=\"padding-top:6px\">\n<li>universal einsetzbar<\/li>\n<\/ul>\n<p><span style=\"font-size:12px\">Das Ersatzteil passt unter anderem f\u00fcr die oben genannten Modelle. Bitte pr\u00fcfen Sie die Ersatzteil-Nummer, um eine Fehlbestellung zu vermeiden. Nicht sicher, ob das Teil passt? Kontaktieren Sie uns!<\/span><\/p>\n<\/div>\n","protected":false},"featured_media":178592,"comment_status":"open","ping_status":"closed","template":"","meta":[],"_links":{"self":[{"href":"https:\/\/lkw-teile-truckmotive.de\/index.php\/wp-json\/wp\/v2\/product\/99715"}],"collection":[{"href":"https:\/\/lkw-teile-truckmotive.de\/index.php\/wp-json\/wp\/v2\/product"}],"about":[{"href":"https:\/\/lkw-teile-truckmotive.de\/index.php\/wp-json\/wp\/v2\/types\/product"}],"replies":[{"embeddable":true,"href":"https:\/\/lkw-teile-truckmotive.de\/index.php\/wp-json\/wp\/v2\/comments?post=99715"}],"wp:featuredmedia":[{"embeddable":true,"href":"https:\/\/lkw-teile-truckmotive.de\/index.php\/wp-json\/wp\/v2\/media\/178592"}],"wp:attachment":[{"href":"https:\/\/lkw-teile-truckmotive.de\/index.php\/wp-json\/wp\/v2\/media?parent=99715"}],"curies":[{"name":"wp","href":"https:\/\/api.w.org\/{rel}","templated":true}]}}